{"id":1528,"date":"2020-09-18T18:09:50","date_gmt":"2020-09-18T18:09:50","guid":{"rendered":"http:\/\/cosyinside.com\/?page_id=1528"},"modified":"2021-10-13T21:56:12","modified_gmt":"2021-10-13T21:56:12","slug":"politica-de-privacidade","status":"publish","type":"page","link":"https:\/\/cosyinside.com\/en\/politica-de-privacidade\/","title":{"rendered":"Privacy Policy"},"content":{"rendered":"<p>Pol\u00edtica de Privacidade \u00daltima atualiza\u00e7\u00e3o: 20 de Outubro de 2020 \u00c2mbito de aplica\u00e7\u00e3o A presente Pol\u00edtica de Privacidade aplica-se a todo e qualquer tratamento de dados de car\u00e1ter pessoal realizado no website www.cosyinside.com (doravante tamb\u00e9m designado por \u201cwebsite\u201d) <a href=\"https:\/\/cosyinside.com\/en\/politica-de-privacidade\/\" title=\"Read more on Privacy Policy\" class=\"more-link\">read more<\/a><\/p>\n","protected":false},"excerpt":{"rendered":"<p>Pol\u00edtica de Privacidade \u00daltima atualiza\u00e7\u00e3o: 20 de Outubro de 2020 \u00c2mbito de aplica\u00e7\u00e3o A presente Pol\u00edtica de Privacidade aplica-se a todo e qualquer tratamento de dados de car\u00e1ter pessoal realizado no website www.cosyinside.com (doravante tamb\u00e9m designado por \u201cwebsite\u201d) read more<\/p>\n","protected":false},"author":1,"featured_media":0,"parent":0,"menu_order":0,"comment_status":"closed","ping_status":"closed","template":"","meta":{"om_disable_all_campaigns":false,"_monsterinsights_skip_tracking":false,"_monsterinsights_sitenote_active":false,"_monsterinsights_sitenote_note":"","_monsterinsights_sitenote_category":0,"footnotes":""},"class_list":["post-1528","page","type-page","status-publish","hentry","no-thumb"],"aioseo_notices":[],"_links":{"self":[{"href":"https:\/\/cosyinside.com\/en\/wp-json\/wp\/v2\/pages\/1528","targetHints":{"allow":["GET"]}}],"collection":[{"href":"https:\/\/cosyinside.com\/en\/wp-json\/wp\/v2\/pages"}],"about":[{"href":"https:\/\/cosyinside.com\/en\/wp-json\/wp\/v2\/types\/page"}],"author":[{"embeddable":true,"href":"https:\/\/cosyinside.com\/en\/wp-json\/wp\/v2\/users\/1"}],"replies":[{"embeddable":true,"href":"https:\/\/cosyinside.com\/en\/wp-json\/wp\/v2\/comments?post=1528"}],"version-history":[{"count":5,"href":"https:\/\/cosyinside.com\/en\/wp-json\/wp\/v2\/pages\/1528\/revisions"}],"predecessor-version":[{"id":4440,"href":"https:\/\/cosyinside.com\/en\/wp-json\/wp\/v2\/pages\/1528\/revisions\/4440"}],"wp:attachment":[{"href":"https:\/\/cosyinside.com\/en\/wp-json\/wp\/v2\/media?parent=1528"}],"curies":[{"name":"wp","href":"https:\/\/api.w.org\/{rel}","templated":true}]}}