{"id":2118,"date":"2020-10-01T19:01:01","date_gmt":"2020-10-01T19:01:01","guid":{"rendered":"http:\/\/cosyinside.com\/?page_id=2118"},"modified":"2021-03-29T19:56:28","modified_gmt":"2021-03-29T19:56:28","slug":"ral-e-rll","status":"publish","type":"page","link":"https:\/\/cosyinside.com\/en\/ral-e-rll\/","title":{"rendered":"RAL &#038; RLL"},"content":{"rendered":"<p>RAL e RLL RAL Em caso de lit\u00edgio o consumidor pode recorrer a uma entidade de Resolu\u00e7\u00e3o Alternativa de Lit\u00edgios de Consumo (RAL). As entidades de Resolu\u00e7\u00e3o Alternativa de Lit\u00edgios de Consumo (RAL) s\u00e3o as entidades autorizadas a efetuar a media\u00e7\u00e3o, concilia\u00e7\u00e3o e arbitrag <a href=\"https:\/\/cosyinside.com\/en\/ral-e-rll\/\" title=\"Read more on RAL &#038; RLL\" class=\"more-link\">read more<\/a><\/p>\n","protected":false},"excerpt":{"rendered":"<p>RAL e RLL RAL Em caso de lit\u00edgio o consumidor pode recorrer a uma entidade de Resolu\u00e7\u00e3o Alternativa de Lit\u00edgios de Consumo (RAL). As entidades de Resolu\u00e7\u00e3o Alternativa de Lit\u00edgios de Consumo (RAL) s\u00e3o as entidades autorizadas a efetuar a media\u00e7\u00e3o, concilia\u00e7\u00e3o e arbitrag read more<\/p>\n","protected":false},"author":1,"featured_media":0,"parent":0,"menu_order":0,"comment_status":"closed","ping_status":"closed","template":"","meta":{"om_disable_all_campaigns":false,"_monsterinsights_skip_tracking":false,"_monsterinsights_sitenote_active":false,"_monsterinsights_sitenote_note":"","_monsterinsights_sitenote_category":0,"footnotes":""},"class_list":["post-2118","page","type-page","status-publish","hentry","no-thumb"],"aioseo_notices":[],"_links":{"self":[{"href":"https:\/\/cosyinside.com\/en\/wp-json\/wp\/v2\/pages\/2118","targetHints":{"allow":["GET"]}}],"collection":[{"href":"https:\/\/cosyinside.com\/en\/wp-json\/wp\/v2\/pages"}],"about":[{"href":"https:\/\/cosyinside.com\/en\/wp-json\/wp\/v2\/types\/page"}],"author":[{"embeddable":true,"href":"https:\/\/cosyinside.com\/en\/wp-json\/wp\/v2\/users\/1"}],"replies":[{"embeddable":true,"href":"https:\/\/cosyinside.com\/en\/wp-json\/wp\/v2\/comments?post=2118"}],"version-history":[{"count":1,"href":"https:\/\/cosyinside.com\/en\/wp-json\/wp\/v2\/pages\/2118\/revisions"}],"predecessor-version":[{"id":3786,"href":"https:\/\/cosyinside.com\/en\/wp-json\/wp\/v2\/pages\/2118\/revisions\/3786"}],"wp:attachment":[{"href":"https:\/\/cosyinside.com\/en\/wp-json\/wp\/v2\/media?parent=2118"}],"curies":[{"name":"wp","href":"https:\/\/api.w.org\/{rel}","templated":true}]}}