{"id":2145,"date":"2020-10-01T21:14:18","date_gmt":"2020-10-01T21:14:18","guid":{"rendered":"http:\/\/cosyinside.com\/?page_id=2145"},"modified":"2021-10-13T21:41:42","modified_gmt":"2021-10-13T21:41:42","slug":"termos-e-condicoes","status":"publish","type":"page","link":"https:\/\/cosyinside.com\/en\/termos-e-condicoes\/","title":{"rendered":"Terms and Conditions"},"content":{"rendered":"<p>Termos e Condi\u00e7\u00f5es Termos e Condi\u00e7\u00f5es de Reservas e Alojamentos A Cosy Inside, Lda. (\u201cCosy Inside\u201d) \u00e9 respons\u00e1vel pela promo\u00e7\u00e3o, explora\u00e7\u00e3o e gest\u00e3o de alojamentos tur\u00edsticos, apartamentos e moradias onde, salvo indica\u00e7\u00e3o expl\u00edcita em contr\u00e1rio, s\u00e3o aplicados os termos  <a href=\"https:\/\/cosyinside.com\/en\/termos-e-condicoes\/\" title=\"Read more on Terms and Conditions\" class=\"more-link\">read more<\/a><\/p>\n","protected":false},"excerpt":{"rendered":"<p>Termos e Condi\u00e7\u00f5es Termos e Condi\u00e7\u00f5es de Reservas e Alojamentos A Cosy Inside, Lda. (\u201cCosy Inside\u201d) \u00e9 respons\u00e1vel pela promo\u00e7\u00e3o, explora\u00e7\u00e3o e gest\u00e3o de alojamentos tur\u00edsticos, apartamentos e moradias onde, salvo indica\u00e7\u00e3o expl\u00edcita em contr\u00e1rio, s\u00e3o aplicados os termos read more<\/p>\n","protected":false},"author":1,"featured_media":0,"parent":0,"menu_order":0,"comment_status":"closed","ping_status":"closed","template":"","meta":{"om_disable_all_campaigns":false,"_monsterinsights_skip_tracking":false,"_monsterinsights_sitenote_active":false,"_monsterinsights_sitenote_note":"","_monsterinsights_sitenote_category":0,"footnotes":""},"class_list":["post-2145","page","type-page","status-publish","hentry","no-thumb"],"aioseo_notices":[],"_links":{"self":[{"href":"https:\/\/cosyinside.com\/en\/wp-json\/wp\/v2\/pages\/2145","targetHints":{"allow":["GET"]}}],"collection":[{"href":"https:\/\/cosyinside.com\/en\/wp-json\/wp\/v2\/pages"}],"about":[{"href":"https:\/\/cosyinside.com\/en\/wp-json\/wp\/v2\/types\/page"}],"author":[{"embeddable":true,"href":"https:\/\/cosyinside.com\/en\/wp-json\/wp\/v2\/users\/1"}],"replies":[{"embeddable":true,"href":"https:\/\/cosyinside.com\/en\/wp-json\/wp\/v2\/comments?post=2145"}],"version-history":[{"count":3,"href":"https:\/\/cosyinside.com\/en\/wp-json\/wp\/v2\/pages\/2145\/revisions"}],"predecessor-version":[{"id":4438,"href":"https:\/\/cosyinside.com\/en\/wp-json\/wp\/v2\/pages\/2145\/revisions\/4438"}],"wp:attachment":[{"href":"https:\/\/cosyinside.com\/en\/wp-json\/wp\/v2\/media?parent=2145"}],"curies":[{"name":"wp","href":"https:\/\/api.w.org\/{rel}","templated":true}]}}