{"id":2308,"date":"2020-10-19T19:02:41","date_gmt":"2020-10-19T19:02:41","guid":{"rendered":"http:\/\/cosyinside.com\/?page_id=2308"},"modified":"2021-03-29T19:56:28","modified_gmt":"2021-03-29T19:56:28","slug":"politica-de-cookies","status":"publish","type":"page","link":"https:\/\/cosyinside.com\/en\/politica-de-cookies\/","title":{"rendered":"Cookies Policy"},"content":{"rendered":"<p>Pol\u00edtica de Cookies Este website utiliza cookies para melhorar o seu servi\u00e7o. &#8220;Cookies&#8221; s\u00e3o pequenas etiquetas de software que s\u00e3o armazenadas no computador atrav\u00e9s do navegador (browser), retendo apenas informa\u00e7\u00e3o relacionada com as prefer\u00eancias, n\u00e3o inclui <a href=\"https:\/\/cosyinside.com\/en\/politica-de-cookies\/\" title=\"Read more on Cookies Policy\" class=\"more-link\">read more<\/a><\/p>\n","protected":false},"excerpt":{"rendered":"<p>Pol\u00edtica de Cookies Este website utiliza cookies para melhorar o seu servi\u00e7o. &#8220;Cookies&#8221; s\u00e3o pequenas etiquetas de software que s\u00e3o armazenadas no computador atrav\u00e9s do navegador (browser), retendo apenas informa\u00e7\u00e3o relacionada com as prefer\u00eancias, n\u00e3o inclui read more<\/p>\n","protected":false},"author":1,"featured_media":0,"parent":0,"menu_order":0,"comment_status":"closed","ping_status":"closed","template":"","meta":{"om_disable_all_campaigns":false,"_monsterinsights_skip_tracking":false,"_monsterinsights_sitenote_active":false,"_monsterinsights_sitenote_note":"","_monsterinsights_sitenote_category":0,"footnotes":""},"class_list":["post-2308","page","type-page","status-publish","hentry","no-thumb"],"aioseo_notices":[],"_links":{"self":[{"href":"https:\/\/cosyinside.com\/en\/wp-json\/wp\/v2\/pages\/2308","targetHints":{"allow":["GET"]}}],"collection":[{"href":"https:\/\/cosyinside.com\/en\/wp-json\/wp\/v2\/pages"}],"about":[{"href":"https:\/\/cosyinside.com\/en\/wp-json\/wp\/v2\/types\/page"}],"author":[{"embeddable":true,"href":"https:\/\/cosyinside.com\/en\/wp-json\/wp\/v2\/users\/1"}],"replies":[{"embeddable":true,"href":"https:\/\/cosyinside.com\/en\/wp-json\/wp\/v2\/comments?post=2308"}],"version-history":[{"count":1,"href":"https:\/\/cosyinside.com\/en\/wp-json\/wp\/v2\/pages\/2308\/revisions"}],"predecessor-version":[{"id":3791,"href":"https:\/\/cosyinside.com\/en\/wp-json\/wp\/v2\/pages\/2308\/revisions\/3791"}],"wp:attachment":[{"href":"https:\/\/cosyinside.com\/en\/wp-json\/wp\/v2\/media?parent=2308"}],"curies":[{"name":"wp","href":"https:\/\/api.w.org\/{rel}","templated":true}]}}