{"id":3723,"date":"2016-11-12T07:36:34","date_gmt":"2016-11-12T07:36:34","guid":{"rendered":"http:\/\/192.168.9.80\/2016\/6_June\/21.UPDATE_MOTO\/15.62454\/?page_id=167"},"modified":"2023-11-23T10:36:34","modified_gmt":"2023-11-23T10:36:34","slug":"contactos","status":"publish","type":"page","link":"https:\/\/cosyinside.com\/en\/contactos\/","title":{"rendered":"Contacts"},"content":{"rendered":"<p>Contactos Email: info@cosyinside.com Contacto: (+351) 916 999 002(Chamada para rede m\u00f3vel nacional) Rua Frei Le\u00e3o de Santo Tom\u00e1s, n.\u00ba 468-B, Ervosa4785-154 TrofaPortugal Contacts Email: info@cosyinside.com Contact: (+351) 916 999 435(National mobile call) Rua Frei Le\u00e3o  <a href=\"https:\/\/cosyinside.com\/en\/contactos\/\" title=\"Read more on Contacts\" class=\"more-link\">read more<\/a><\/p>\n","protected":false},"excerpt":{"rendered":"<p>Contactos Email: info@cosyinside.com Contacto: (+351) 916 999 002(Chamada para rede m\u00f3vel nacional) Rua Frei Le\u00e3o de Santo Tom\u00e1s, n.\u00ba 468-B, Ervosa4785-154 TrofaPortugal Contacts Email: info@cosyinside.com Contact: (+351) 916 999 435(National mobile call) Rua Frei Le\u00e3o read more<\/p>\n","protected":false},"author":1,"featured_media":0,"parent":0,"menu_order":0,"comment_status":"closed","ping_status":"closed","template":"","meta":{"om_disable_all_campaigns":false,"_monsterinsights_skip_tracking":false,"_monsterinsights_sitenote_active":false,"_monsterinsights_sitenote_note":"","_monsterinsights_sitenote_category":0,"footnotes":""},"class_list":["post-3723","page","type-page","status-publish","hentry","no-thumb"],"aioseo_notices":[],"_links":{"self":[{"href":"https:\/\/cosyinside.com\/en\/wp-json\/wp\/v2\/pages\/3723","targetHints":{"allow":["GET"]}}],"collection":[{"href":"https:\/\/cosyinside.com\/en\/wp-json\/wp\/v2\/pages"}],"about":[{"href":"https:\/\/cosyinside.com\/en\/wp-json\/wp\/v2\/types\/page"}],"author":[{"embeddable":true,"href":"https:\/\/cosyinside.com\/en\/wp-json\/wp\/v2\/users\/1"}],"replies":[{"embeddable":true,"href":"https:\/\/cosyinside.com\/en\/wp-json\/wp\/v2\/comments?post=3723"}],"version-history":[{"count":8,"href":"https:\/\/cosyinside.com\/en\/wp-json\/wp\/v2\/pages\/3723\/revisions"}],"predecessor-version":[{"id":5129,"href":"https:\/\/cosyinside.com\/en\/wp-json\/wp\/v2\/pages\/3723\/revisions\/5129"}],"wp:attachment":[{"href":"https:\/\/cosyinside.com\/en\/wp-json\/wp\/v2\/media?parent=3723"}],"curies":[{"name":"wp","href":"https:\/\/api.w.org\/{rel}","templated":true}]}}