{"id":3725,"date":"2016-11-14T15:12:02","date_gmt":"2016-11-14T15:12:02","guid":{"rendered":"http:\/\/192.168.9.80\/2016\/6_June\/21.UPDATE_MOTO\/15.62454\/rooms\/"},"modified":"2024-01-17T17:05:56","modified_gmt":"2024-01-17T17:05:56","slug":"foz-do-neiva","status":"publish","type":"page","link":"https:\/\/cosyinside.com\/en\/foz-do-neiva\/","title":{"rendered":"Foz do Neiva"},"content":{"rendered":"<p>Perca a no\u00e7\u00e3o do tempo, celebre os sentidos e viva as experi\u00eancias! Explore a paz e a natureza vibrante da Foz do Neiva, num cen\u00e1rio id\u00edlico, onde o rio e o mar se abra\u00e7am \u2013 um local para se apaixonar! Entregue-se a uma estadia incr\u00edvel, numa casa com alma e em harmonia <a href=\"https:\/\/cosyinside.com\/en\/foz-do-neiva\/\" title=\"Read more on Foz do Neiva\" class=\"more-link\">read more<\/a><\/p>\n","protected":false},"excerpt":{"rendered":"<p>Perca a no\u00e7\u00e3o do tempo, celebre os sentidos e viva as experi\u00eancias! Explore a paz e a natureza vibrante da Foz do Neiva, num cen\u00e1rio id\u00edlico, onde o rio e o mar se abra\u00e7am \u2013 um local para se apaixonar! Entregue-se a uma estadia incr\u00edvel, numa casa com alma e em harmonia read more<\/p>\n","protected":false},"author":1,"featured_media":0,"parent":0,"menu_order":0,"comment_status":"closed","ping_status":"closed","template":"","meta":{"om_disable_all_campaigns":false,"_monsterinsights_skip_tracking":false,"_monsterinsights_sitenote_active":false,"_monsterinsights_sitenote_note":"","_monsterinsights_sitenote_category":0,"footnotes":""},"class_list":["post-3725","page","type-page","status-publish","hentry","no-thumb"],"aioseo_notices":[],"_links":{"self":[{"href":"https:\/\/cosyinside.com\/en\/wp-json\/wp\/v2\/pages\/3725","targetHints":{"allow":["GET"]}}],"collection":[{"href":"https:\/\/cosyinside.com\/en\/wp-json\/wp\/v2\/pages"}],"about":[{"href":"https:\/\/cosyinside.com\/en\/wp-json\/wp\/v2\/types\/page"}],"author":[{"embeddable":true,"href":"https:\/\/cosyinside.com\/en\/wp-json\/wp\/v2\/users\/1"}],"replies":[{"embeddable":true,"href":"https:\/\/cosyinside.com\/en\/wp-json\/wp\/v2\/comments?post=3725"}],"version-history":[{"count":93,"href":"https:\/\/cosyinside.com\/en\/wp-json\/wp\/v2\/pages\/3725\/revisions"}],"predecessor-version":[{"id":5138,"href":"https:\/\/cosyinside.com\/en\/wp-json\/wp\/v2\/pages\/3725\/revisions\/5138"}],"wp:attachment":[{"href":"https:\/\/cosyinside.com\/en\/wp-json\/wp\/v2\/media?parent=3725"}],"curies":[{"name":"wp","href":"https:\/\/api.w.org\/{rel}","templated":true}]}}