{"id":4851,"date":"2022-07-23T08:02:32","date_gmt":"2022-07-23T08:02:32","guid":{"rendered":"https:\/\/cosyinside.com\/?page_id=4851"},"modified":"2022-07-23T08:08:42","modified_gmt":"2022-07-23T08:08:42","slug":"quinta-acushla","status":"publish","type":"page","link":"https:\/\/cosyinside.com\/en\/quinta-acushla\/","title":{"rendered":"Quinta Acushla"},"content":{"rendered":"<p>Perca a no\u00e7\u00e3o do tempo, celebre os sentidos e vivencie as experi\u00eancias! Deixe-se levar pela tranquilidade e pelos encantos transmontanos e desfrute do turismo rural de Tr\u00e1s-os-montes e Alto Douro. \u00c9 na Quinta Acushla que nasce um conceito diferenciado de alojamento loca <a href=\"https:\/\/cosyinside.com\/en\/quinta-acushla\/\" title=\"Read more on Quinta Acushla\" class=\"more-link\">read more<\/a><\/p>\n","protected":false},"excerpt":{"rendered":"<p>Perca a no\u00e7\u00e3o do tempo, celebre os sentidos e vivencie as experi\u00eancias! Deixe-se levar pela tranquilidade e pelos encantos transmontanos e desfrute do turismo rural de Tr\u00e1s-os-montes e Alto Douro. \u00c9 na Quinta Acushla que nasce um conceito diferenciado de alojamento loca read more<\/p>\n","protected":false},"author":1,"featured_media":0,"parent":0,"menu_order":0,"comment_status":"closed","ping_status":"closed","template":"","meta":{"om_disable_all_campaigns":false,"_monsterinsights_skip_tracking":false,"_monsterinsights_sitenote_active":false,"_monsterinsights_sitenote_note":"","_monsterinsights_sitenote_category":0,"footnotes":""},"class_list":["post-4851","page","type-page","status-publish","hentry","no-thumb"],"aioseo_notices":[],"_links":{"self":[{"href":"https:\/\/cosyinside.com\/en\/wp-json\/wp\/v2\/pages\/4851","targetHints":{"allow":["GET"]}}],"collection":[{"href":"https:\/\/cosyinside.com\/en\/wp-json\/wp\/v2\/pages"}],"about":[{"href":"https:\/\/cosyinside.com\/en\/wp-json\/wp\/v2\/types\/page"}],"author":[{"embeddable":true,"href":"https:\/\/cosyinside.com\/en\/wp-json\/wp\/v2\/users\/1"}],"replies":[{"embeddable":true,"href":"https:\/\/cosyinside.com\/en\/wp-json\/wp\/v2\/comments?post=4851"}],"version-history":[{"count":3,"href":"https:\/\/cosyinside.com\/en\/wp-json\/wp\/v2\/pages\/4851\/revisions"}],"predecessor-version":[{"id":4854,"href":"https:\/\/cosyinside.com\/en\/wp-json\/wp\/v2\/pages\/4851\/revisions\/4854"}],"wp:attachment":[{"href":"https:\/\/cosyinside.com\/en\/wp-json\/wp\/v2\/media?parent=4851"}],"curies":[{"name":"wp","href":"https:\/\/api.w.org\/{rel}","templated":true}]}}