{"id":4877,"date":"2022-07-23T08:49:03","date_gmt":"2022-07-23T08:49:03","guid":{"rendered":"https:\/\/cosyinside.com\/?page_id=4877"},"modified":"2023-06-29T11:13:46","modified_gmt":"2023-06-29T11:13:46","slug":"original-house","status":"publish","type":"page","link":"https:\/\/cosyinside.com\/en\/quinta-acushla\/original-house\/","title":{"rendered":"Original House"},"content":{"rendered":"<p>VER FOTOSVER V\u00cdDEO QUARTO 1 Cama Queen Size com vista para a Quinta Casa de banho privativa com luz natural e cabine de duche Kitchenette com capacidade para sentar 4 pessoas 2 sof\u00e1s-cama Cozinha completamente equipada M\u00e1quina de caf\u00e9 de c\u00e1psula Sistema de \u00e1gua filtrada <a href=\"https:\/\/cosyinside.com\/en\/quinta-acushla\/original-house\/\" title=\"Read more on Original House\" class=\"more-link\">read more<\/a><\/p>\n","protected":false},"excerpt":{"rendered":"<p>VER FOTOSVER V\u00cdDEO QUARTO 1 Cama Queen Size com vista para a Quinta Casa de banho privativa com luz natural e cabine de duche Kitchenette com capacidade para sentar 4 pessoas 2 sof\u00e1s-cama Cozinha completamente equipada M\u00e1quina de caf\u00e9 de c\u00e1psula Sistema de \u00e1gua filtrada read more<\/p>\n","protected":false},"author":1,"featured_media":0,"parent":4851,"menu_order":0,"comment_status":"closed","ping_status":"closed","template":"","meta":{"om_disable_all_campaigns":false,"_monsterinsights_skip_tracking":false,"_monsterinsights_sitenote_active":false,"_monsterinsights_sitenote_note":"","_monsterinsights_sitenote_category":0,"footnotes":""},"class_list":["post-4877","page","type-page","status-publish","hentry","no-thumb"],"aioseo_notices":[],"_links":{"self":[{"href":"https:\/\/cosyinside.com\/en\/wp-json\/wp\/v2\/pages\/4877","targetHints":{"allow":["GET"]}}],"collection":[{"href":"https:\/\/cosyinside.com\/en\/wp-json\/wp\/v2\/pages"}],"about":[{"href":"https:\/\/cosyinside.com\/en\/wp-json\/wp\/v2\/types\/page"}],"author":[{"embeddable":true,"href":"https:\/\/cosyinside.com\/en\/wp-json\/wp\/v2\/users\/1"}],"replies":[{"embeddable":true,"href":"https:\/\/cosyinside.com\/en\/wp-json\/wp\/v2\/comments?post=4877"}],"version-history":[{"count":22,"href":"https:\/\/cosyinside.com\/en\/wp-json\/wp\/v2\/pages\/4877\/revisions"}],"predecessor-version":[{"id":5126,"href":"https:\/\/cosyinside.com\/en\/wp-json\/wp\/v2\/pages\/4877\/revisions\/5126"}],"up":[{"embeddable":true,"href":"https:\/\/cosyinside.com\/en\/wp-json\/wp\/v2\/pages\/4851"}],"wp:attachment":[{"href":"https:\/\/cosyinside.com\/en\/wp-json\/wp\/v2\/media?parent=4877"}],"curies":[{"name":"wp","href":"https:\/\/api.w.org\/{rel}","templated":true}]}}